{"id":9,"date":"2026-01-09T01:15:33","date_gmt":"2026-01-09T01:15:33","guid":{"rendered":"https:\/\/misionevangelicamaranathainternacional.com\/index.php\/front_page\/"},"modified":"2026-03-26T03:15:45","modified_gmt":"2026-03-26T03:15:45","slug":"front_page","status":"publish","type":"page","link":"https:\/\/misionevangelicamaranathainternacional.com\/","title":{"rendered":"Inicio"},"content":{"rendered":"\n\n\n\n","protected":false},"excerpt":{"rendered":"","protected":false},"author":1,"featured_media":38,"parent":0,"menu_order":0,"comment_status":"closed","ping_status":"closed","template":"","meta":{"saved_in_kubio":true,"footnotes":""},"class_list":["post-9","page","type-page","status-publish","has-post-thumbnail","hentry"],"kubio_ai_page_context":{"short_desc":"","purpose":"general"},"yoast_head":"<!-- This site is optimized with the Yoast SEO plugin v26.7 - https:\/\/yoast.com\/wordpress\/plugins\/seo\/ -->\n<title>Inicio - Misi\u00f3n Evangelica Internacional Maranatha<\/title>\n<meta name=\"robots\" content=\"index, follow, max-snippet:-1, max-image-preview:large, max-video-preview:-1\" \/>\n<link rel=\"canonical\" href=\"https:\/\/misionevangelicamaranathainternacional.com\/\" \/>\n<meta property=\"og:locale\" content=\"es_ES\" \/>\n<meta property=\"og:type\" content=\"article\" \/>\n<meta property=\"og:title\" content=\"Inicio - Misi\u00f3n Evangelica Internacional Maranatha\" \/>\n<meta property=\"og:url\" content=\"https:\/\/misionevangelicamaranathainternacional.com\/\" \/>\n<meta property=\"og:site_name\" content=\"Misi\u00f3n Evangelica Internacional Maranatha\" \/>\n<meta property=\"article:publisher\" content=\"https:\/\/www.facebook.com\/medrano.parada\" \/>\n<meta property=\"article:modified_time\" content=\"2026-03-26T03:15:45+00:00\" \/>\n<meta name=\"twitter:card\" content=\"summary_large_image\" \/>\n<meta name=\"twitter:label1\" content=\"Tiempo de lectura\" \/>\n\t<meta name=\"twitter:data1\" content=\"1 minuto\" \/>\n<script type=\"application\/ld+json\" class=\"yoast-schema-graph\">{\"@context\":\"https:\/\/schema.org\",\"@graph\":[{\"@type\":\"WebPage\",\"@id\":\"https:\/\/misionevangelicamaranathainternacional.com\/\",\"url\":\"https:\/\/misionevangelicamaranathainternacional.com\/\",\"name\":\"Inicio - Misi\u00f3n Evangelica Internacional Maranatha\",\"isPartOf\":{\"@id\":\"https:\/\/misionevangelicamaranathainternacional.com\/#website\"},\"primaryImageOfPage\":{\"@id\":\"https:\/\/misionevangelicamaranathainternacional.com\/#primaryimage\"},\"image\":{\"@id\":\"https:\/\/misionevangelicamaranathainternacional.com\/#primaryimage\"},\"thumbnailUrl\":\"https:\/\/misionevangelicamaranathainternacional.com\/wp-content\/uploads\/2026\/01\/logo-radio-scaled.png\",\"datePublished\":\"2026-01-09T01:15:33+00:00\",\"dateModified\":\"2026-03-26T03:15:45+00:00\",\"breadcrumb\":{\"@id\":\"https:\/\/misionevangelicamaranathainternacional.com\/#breadcrumb\"},\"inLanguage\":\"es\",\"potentialAction\":[{\"@type\":\"ReadAction\",\"target\":[\"https:\/\/misionevangelicamaranathainternacional.com\/\"]}]},{\"@type\":\"ImageObject\",\"inLanguage\":\"es\",\"@id\":\"https:\/\/misionevangelicamaranathainternacional.com\/#primaryimage\",\"url\":\"https:\/\/misionevangelicamaranathainternacional.com\/wp-content\/uploads\/2026\/01\/logo-radio-scaled.png\",\"contentUrl\":\"https:\/\/misionevangelicamaranathainternacional.com\/wp-content\/uploads\/2026\/01\/logo-radio-scaled.png\",\"width\":2560,\"height\":2560},{\"@type\":\"BreadcrumbList\",\"@id\":\"https:\/\/misionevangelicamaranathainternacional.com\/#breadcrumb\",\"itemListElement\":[{\"@type\":\"ListItem\",\"position\":1,\"name\":\"Portada\",\"item\":\"https:\/\/misionevangelicamaranathainternacional.com\/\"},{\"@type\":\"ListItem\",\"position\":2,\"name\":\"Inicio\"}]},{\"@type\":\"WebSite\",\"@id\":\"https:\/\/misionevangelicamaranathainternacional.com\/#website\",\"url\":\"https:\/\/misionevangelicamaranathainternacional.com\/\",\"name\":\"Radio Maranatha El Salvador\",\"description\":\"Somos una organizaci\u00f3n cristiana evang\u00e9lica con una visi\u00f3n internacional, dedicada a proclamar el mensaje de salvaci\u00f3n. En El Salvador, trabajamos incansablemente para ser luz en medio de las naciones, guiados por el Esp\u00edritu Santo y la sana doctrina.\",\"publisher\":{\"@id\":\"https:\/\/misionevangelicamaranathainternacional.com\/#organization\"},\"potentialAction\":[{\"@type\":\"SearchAction\",\"target\":{\"@type\":\"EntryPoint\",\"urlTemplate\":\"https:\/\/misionevangelicamaranathainternacional.com\/?s={search_term_string}\"},\"query-input\":{\"@type\":\"PropertyValueSpecification\",\"valueRequired\":true,\"valueName\":\"search_term_string\"}}],\"inLanguage\":\"es\"},{\"@type\":\"Organization\",\"@id\":\"https:\/\/misionevangelicamaranathainternacional.com\/#organization\",\"name\":\"Misi\u00f3n Evang\u00e9lica Internacional Maranatha El Salvador\",\"url\":\"https:\/\/misionevangelicamaranathainternacional.com\/\",\"logo\":{\"@type\":\"ImageObject\",\"inLanguage\":\"es\",\"@id\":\"https:\/\/misionevangelicamaranathainternacional.com\/#\/schema\/logo\/image\/\",\"url\":\"https:\/\/misionevangelicamaranathainternacional.com\/wp-content\/uploads\/2026\/01\/logo-radio-scaled.png\",\"contentUrl\":\"https:\/\/misionevangelicamaranathainternacional.com\/wp-content\/uploads\/2026\/01\/logo-radio-scaled.png\",\"width\":2560,\"height\":2560,\"caption\":\"Misi\u00f3n Evang\u00e9lica Internacional Maranatha El Salvador\"},\"image\":{\"@id\":\"https:\/\/misionevangelicamaranathainternacional.com\/#\/schema\/logo\/image\/\"},\"sameAs\":[\"https:\/\/www.facebook.com\/medrano.parada\",\"https:\/\/www.youtube.com\/@hno.eliumedranooficial7432\"]}]}<\/script>\n<!-- \/ Yoast SEO plugin. -->","yoast_head_json":{"title":"Inicio - Misi\u00f3n Evangelica Internacional Maranatha","robots":{"index":"index","follow":"follow","max-snippet":"max-snippet:-1","max-image-preview":"max-image-preview:large","max-video-preview":"max-video-preview:-1"},"canonical":"https:\/\/misionevangelicamaranathainternacional.com\/","og_locale":"es_ES","og_type":"article","og_title":"Inicio - Misi\u00f3n Evangelica Internacional Maranatha","og_url":"https:\/\/misionevangelicamaranathainternacional.com\/","og_site_name":"Misi\u00f3n Evangelica Internacional Maranatha","article_publisher":"https:\/\/www.facebook.com\/medrano.parada","article_modified_time":"2026-03-26T03:15:45+00:00","twitter_card":"summary_large_image","twitter_misc":{"Tiempo de lectura":"1 minuto"},"schema":{"@context":"https:\/\/schema.org","@graph":[{"@type":"WebPage","@id":"https:\/\/misionevangelicamaranathainternacional.com\/","url":"https:\/\/misionevangelicamaranathainternacional.com\/","name":"Inicio - Misi\u00f3n Evangelica Internacional Maranatha","isPartOf":{"@id":"https:\/\/misionevangelicamaranathainternacional.com\/#website"},"primaryImageOfPage":{"@id":"https:\/\/misionevangelicamaranathainternacional.com\/#primaryimage"},"image":{"@id":"https:\/\/misionevangelicamaranathainternacional.com\/#primaryimage"},"thumbnailUrl":"https:\/\/misionevangelicamaranathainternacional.com\/wp-content\/uploads\/2026\/01\/logo-radio-scaled.png","datePublished":"2026-01-09T01:15:33+00:00","dateModified":"2026-03-26T03:15:45+00:00","breadcrumb":{"@id":"https:\/\/misionevangelicamaranathainternacional.com\/#breadcrumb"},"inLanguage":"es","potentialAction":[{"@type":"ReadAction","target":["https:\/\/misionevangelicamaranathainternacional.com\/"]}]},{"@type":"ImageObject","inLanguage":"es","@id":"https:\/\/misionevangelicamaranathainternacional.com\/#primaryimage","url":"https:\/\/misionevangelicamaranathainternacional.com\/wp-content\/uploads\/2026\/01\/logo-radio-scaled.png","contentUrl":"https:\/\/misionevangelicamaranathainternacional.com\/wp-content\/uploads\/2026\/01\/logo-radio-scaled.png","width":2560,"height":2560},{"@type":"BreadcrumbList","@id":"https:\/\/misionevangelicamaranathainternacional.com\/#breadcrumb","itemListElement":[{"@type":"ListItem","position":1,"name":"Portada","item":"https:\/\/misionevangelicamaranathainternacional.com\/"},{"@type":"ListItem","position":2,"name":"Inicio"}]},{"@type":"WebSite","@id":"https:\/\/misionevangelicamaranathainternacional.com\/#website","url":"https:\/\/misionevangelicamaranathainternacional.com\/","name":"Radio Maranatha El Salvador","description":"Somos una organizaci\u00f3n cristiana evang\u00e9lica con una visi\u00f3n internacional, dedicada a proclamar el mensaje de salvaci\u00f3n. En El Salvador, trabajamos incansablemente para ser luz en medio de las naciones, guiados por el Esp\u00edritu Santo y la sana doctrina.","publisher":{"@id":"https:\/\/misionevangelicamaranathainternacional.com\/#organization"},"potentialAction":[{"@type":"SearchAction","target":{"@type":"EntryPoint","urlTemplate":"https:\/\/misionevangelicamaranathainternacional.com\/?s={search_term_string}"},"query-input":{"@type":"PropertyValueSpecification","valueRequired":true,"valueName":"search_term_string"}}],"inLanguage":"es"},{"@type":"Organization","@id":"https:\/\/misionevangelicamaranathainternacional.com\/#organization","name":"Misi\u00f3n Evang\u00e9lica Internacional Maranatha El Salvador","url":"https:\/\/misionevangelicamaranathainternacional.com\/","logo":{"@type":"ImageObject","inLanguage":"es","@id":"https:\/\/misionevangelicamaranathainternacional.com\/#\/schema\/logo\/image\/","url":"https:\/\/misionevangelicamaranathainternacional.com\/wp-content\/uploads\/2026\/01\/logo-radio-scaled.png","contentUrl":"https:\/\/misionevangelicamaranathainternacional.com\/wp-content\/uploads\/2026\/01\/logo-radio-scaled.png","width":2560,"height":2560,"caption":"Misi\u00f3n Evang\u00e9lica Internacional Maranatha El Salvador"},"image":{"@id":"https:\/\/misionevangelicamaranathainternacional.com\/#\/schema\/logo\/image\/"},"sameAs":["https:\/\/www.facebook.com\/medrano.parada","https:\/\/www.youtube.com\/@hno.eliumedranooficial7432"]}]}},"_links":{"self":[{"href":"https:\/\/misionevangelicamaranathainternacional.com\/index.php\/wp-json\/wp\/v2\/pages\/9","targetHints":{"allow":["GET"]}}],"collection":[{"href":"https:\/\/misionevangelicamaranathainternacional.com\/index.php\/wp-json\/wp\/v2\/pages"}],"about":[{"href":"https:\/\/misionevangelicamaranathainternacional.com\/index.php\/wp-json\/wp\/v2\/types\/page"}],"author":[{"embeddable":true,"href":"https:\/\/misionevangelicamaranathainternacional.com\/index.php\/wp-json\/wp\/v2\/users\/1"}],"replies":[{"embeddable":true,"href":"https:\/\/misionevangelicamaranathainternacional.com\/index.php\/wp-json\/wp\/v2\/comments?post=9"}],"version-history":[{"count":9,"href":"https:\/\/misionevangelicamaranathainternacional.com\/index.php\/wp-json\/wp\/v2\/pages\/9\/revisions"}],"predecessor-version":[{"id":94,"href":"https:\/\/misionevangelicamaranathainternacional.com\/index.php\/wp-json\/wp\/v2\/pages\/9\/revisions\/94"}],"wp:featuredmedia":[{"embeddable":true,"href":"https:\/\/misionevangelicamaranathainternacional.com\/index.php\/wp-json\/wp\/v2\/media\/38"}],"wp:attachment":[{"href":"https:\/\/misionevangelicamaranathainternacional.com\/index.php\/wp-json\/wp\/v2\/media?parent=9"}],"curies":[{"name":"wp","href":"https:\/\/api.w.org\/{rel}","templated":true}]}}